{"id":15,"date":"2016-09-28T07:08:27","date_gmt":"2016-09-28T05:08:27","guid":{"rendered":"http:\/\/themes.muffingroup.com\/be\/biolab\/?page_id=15"},"modified":"2025-03-31T11:27:20","modified_gmt":"2025-03-31T11:27:20","slug":"dr-barbara-gruber","status":"publish","type":"page","link":"https:\/\/haut-gruber.at\/website\/dr-barbara-gruber\/","title":{"rendered":"Dr. Barbara Gruber"},"content":{"rendered":"","protected":false},"excerpt":{"rendered":"","protected":false},"author":3,"featured_media":0,"parent":0,"menu_order":0,"comment_status":"closed","ping_status":"closed","template":"","meta":{"_seopress_robots_primary_cat":"","_seopress_titles_title":"%%sitetitle%% %%sep%% Fach\u00e4rztin f\u00fcr Dermatologie","_seopress_titles_desc":"Fach\u00e4rztin f\u00fcr Dermatologie in Wels | Wahl\u00e4rztin | Ober\u00e4rztin der dermatologischen Abteilung im Klinikum Wels-Grieskirchen. Herzlich willkommen in meiner Ordination &gt;&gt;","_seopress_robots_index":"","footnotes":""},"class_list":["post-15","page","type-page","status-publish","hentry"],"_links":{"self":[{"href":"https:\/\/haut-gruber.at\/website\/wp-json\/wp\/v2\/pages\/15","targetHints":{"allow":["GET"]}}],"collection":[{"href":"https:\/\/haut-gruber.at\/website\/wp-json\/wp\/v2\/pages"}],"about":[{"href":"https:\/\/haut-gruber.at\/website\/wp-json\/wp\/v2\/types\/page"}],"author":[{"embeddable":true,"href":"https:\/\/haut-gruber.at\/website\/wp-json\/wp\/v2\/users\/3"}],"replies":[{"embeddable":true,"href":"https:\/\/haut-gruber.at\/website\/wp-json\/wp\/v2\/comments?post=15"}],"version-history":[{"count":1,"href":"https:\/\/haut-gruber.at\/website\/wp-json\/wp\/v2\/pages\/15\/revisions"}],"predecessor-version":[{"id":821,"href":"https:\/\/haut-gruber.at\/website\/wp-json\/wp\/v2\/pages\/15\/revisions\/821"}],"wp:attachment":[{"href":"https:\/\/haut-gruber.at\/website\/wp-json\/wp\/v2\/media?parent=15"}],"curies":[{"name":"wp","href":"https:\/\/api.w.org\/{rel}","templated":true}]}}