{"id":73,"date":"2016-09-28T07:13:19","date_gmt":"2016-09-28T05:13:19","guid":{"rendered":"http:\/\/themes.muffingroup.com\/be\/biolab\/?page_id=21"},"modified":"2025-06-05T13:17:50","modified_gmt":"2025-06-05T11:17:50","slug":"kontakt","status":"publish","type":"page","link":"https:\/\/haut-gruber.at\/website\/kontakt\/","title":{"rendered":"Kontakt"},"content":{"rendered":"<div class=\"wpb-content-wrapper\"><p>[vc_row css=&#8220;.vc_custom_1674464050683{margin-top: 25px !important;padding-top: 20px !important;padding-right: 65px !important;padding-left: 65px !important;background-color: #ffffff !important;}&#8220;][vc_column width=&#8220;1\/2&#8243; css=&#8220;.vc_custom_1666338528625{margin-right: -20px !important;margin-left: -20px !important;}&#8220;][vc_column_text]<\/p>\n<h1>Ordination<br \/>\nDr. Barbara Gruber<\/h1>\n<div class=\"textwidget\">\n<p class=\"p1\"><span class=\"s1\">Fach\u00e4rztin f\u00fcr Dermatologie \/<br \/>\n<\/span><span class=\"s1\">Ober\u00e4rztin der dermatologischen Abteilung<br \/>\n<\/span><span class=\"s1\">im Klinikum Wels-Grieskirchen<\/span><\/p>\n<p class=\"p6\">Meine Ordination ist eine<strong> Wahlarztordination.<\/strong><\/p>\n<\/div>\n<p>[\/vc_column_text][vc_column_text css=&#8220;&#8220;]<\/p>\n<h2 class=\"p1\">Kontakt<\/h2>\n<p class=\"p1\">Hamerlingstra\u00dfe 28 | 4600 Wels<br \/>\nTel:\u00a0<a href=\"tel:+437242277020\">+43 (0)7242 277020<\/a><br \/>\nFax: +43 (0)7242 277174<br \/>\nF\u00fcr\u00a0<b>Termin-Anfragen<\/b>: <a href=\"mailto:office@haut-gruber.at\">office@haut-gruber.at<\/a><a href=\"mailto:barbara.gruber@haut-gruber.at\"><br data-start=\"64\" data-end=\"67\" \/><\/a>F\u00fcr\u00a0<b>medizinische Fragen<\/b>: <a href=\"mailto:barbara.gruber@haut-gruber.at\">barbara.gruber@haut-gruber.at<\/a><a href=\"mailto:barbara.gruber@haut-gruber.at\"><br \/>\n<\/a><br \/>\nIn der Umgebung stehen ausreichend\u00a0<strong>geb\u00fchrenfreie Parkpl\u00e4tze<\/strong>\u00a0zur Verf\u00fcgung. Unsere Ordination ist\u00a0<strong>barrierefrei<\/strong>\u00a0und verf\u00fcgt \u00fcber einen Treppenlift.<\/p>\n<p>[\/vc_column_text][\/vc_column][vc_column width=&#8220;1\/2&#8243; css=&#8220;.vc_custom_1667560245162{margin-left: -20px !important;}&#8220;][vc_single_image image=&#8220;829&#8243; img_size=&#8220;full&#8220; onclick=&#8220;link_image&#8220;][\/vc_column][\/vc_row][vc_row disable_element=&#8220;yes&#8220; css=&#8220;.vc_custom_1678375253560{margin-top: -70px !important;padding-top: 20px !important;padding-right: 65px !important;padding-left: 65px !important;background-color: #ffffff !important;}&#8220; el_id=&#8220;ordizeiten&#8220;][vc_column css=&#8220;.vc_custom_1666338528625{margin-right: -20px !important;margin-left: -20px !important;}&#8220;][vc_column_text]<\/p>\n<h2 class=\"p1\" style=\"text-align: left;\">Urlaubsinfo<\/h2>\n<h3 style=\"text-align: left;\">Die Ordination ist von 17. Februar bis 24. Februar geschlossen.<\/h3>\n<p>[\/vc_column_text][\/vc_column][\/vc_row][vc_row css=&#8220;.vc_custom_1674811551095{padding-top: 20px !important;padding-right: 65px !important;padding-bottom: 25px !important;padding-left: 65px !important;background-color: #ffffff !important;}&#8220; el_id=&#8220;ordizeiten&#8220;][vc_column width=&#8220;1\/2&#8243; css=&#8220;.vc_custom_1666338528625{margin-right: -20px !important;margin-left: -20px !important;}&#8220;][vc_column_text css=&#8220;&#8220;]<\/p>\n<h2>Ordinationszeiten<\/h2>\n<div class=\"opening-hours\">\n<div class=\"day\">\n<div class=\"day-name\">Donnerstag<\/div>\n<div class=\"day-hours\">\n<div>08.00 \u2013 12.00 Uhr<\/div>\n<div>und<\/div>\n<div>13.00 \u2013 16.00 Uhr<\/div>\n<\/div>\n<\/div>\n<div class=\"day\">\n<div class=\"day-name\">Freitag<\/div>\n<div class=\"day-hours\">08.00 \u2013 12.00 Uhr<\/div>\n<\/div>\n<\/div>\n<style>\n.opening-hours {<br \/>\n  display: flex;<br \/>\n  flex-direction: column;<br \/>\n  gap: 1rem;<br \/>\n  max-width: 300px;<br \/>\n  font-family: Arial, sans-serif;<br \/>\n}<\/p>\n<p>.day {<br \/>\n  display: flex;<br \/>\n  justify-content: space-between;<br \/>\n  align-items: flex-start;<br \/>\n}<\/p>\n<p>.day-name {<br \/>\n  font-weight: bold;<br \/>\n  width: 100px;<br \/>\n}<\/p>\n<p>.day-hours {<br \/>\n  text-align: left;<br \/>\n  line-height: 1.4;<br \/>\n}<br \/>\n<\/style>\n<p>[\/vc_column_text][\/vc_column][vc_column width=&#8220;1\/2&#8243; css=&#8220;.vc_custom_1667560245162{margin-left: -20px !important;}&#8220;][vc_column_text]<\/p>\n<h2 class=\"p1\">Terminvereinbarungen<\/h2>\n<p class=\"p1\">Sie k\u00f6nnen gerne jederzeit <a href=\"https:\/\/patient.latido.at\/arzt\/_Gruber,_,_\">online Termine <\/a>vereinbaren oder telefonisch unter <a href=\"tel:+437242277020\">+43 (0)7242 277020<\/a> einen Termin vereinbaren.<\/p>\n<p>Bitte beachten Sie, dass Termine die k\u00fcrzer als 24h vorher storniert werden, leider in Rechnung gestellt werden m\u00fcssen. Im Falle einer Stornierung schicken sie bitte eine E-Mail an <a href=\"mailto:barbara.gruber@haut-gruber.at\">barbara.gruber@haut-gruber.at<\/a> oder rufen Sie uns an.[\/vc_column_text][vc_btn title=&#8220;Online Terminvereinbarung&#8220; style=&#8220;outline-custom&#8220; outline_custom_color=&#8220;#c49f93&#8243; outline_custom_hover_background=&#8220;#c49f93&#8243; outline_custom_hover_text=&#8220;#ffffff&#8220; css=&#8220;.vc_custom_1667560815945{margin-bottom: 30px !important;}&#8220; link=&#8220;url:https%3A%2F%2Fpatient.latido.at%2Farzt%2F_Gruber%2C_%2C_&#8220;][\/vc_column][\/vc_row][vc_row css=&#8220;.vc_custom_1667561075808{margin-top: -50px !important;padding-right: 65px !important;padding-left: 65px !important;background-color: #ffffff !important;}&#8220;][vc_column css=&#8220;.vc_custom_1667560797005{margin-right: -20px !important;margin-left: -20px !important;}&#8220;][vc_column_text]<\/p>\n<p class=\"p1\"><strong>Sehr geehrte Patientin, sehr geehrter Patient, <\/strong><\/p>\n<p class=\"p1\"><strong>nachfolgend einige Tipps, <\/strong><strong>damit ihr erster Praxisbesuch f\u00fcr sie m\u00f6glichst reibungslos funktioniert:<\/strong><\/p>\n<p class=\"p2\">Sofern sie Medikamente nehmen, w\u00e4re ich f\u00fcr die \u00dcberreichung einer Liste der Pr\u00e4paratenamen dankbar. Bitte informieren Sie mich auch bei Folgebesuchen \u00fcber etwaige \u00c4nderungen ihrer Medikation. Dies kann gerade im Rahmen von Operationen, Hyposensibilisierungen oder Lichtbestrahlungen von gro\u00dfer Bedeutung sein, um Risiken und Nebenwirkungen zu vermeiden<\/p>\n<p class=\"p2\">Vielen Dank f\u00fcr Ihre Mitarbeit!<\/p>\n<p>[\/vc_column_text][\/vc_column][\/vc_row][vc_row css=&#8220;.vc_custom_1666342762166{background-color: #ffffff !important;}&#8220;][vc_column][vc_raw_html]JTNDJTIxRE9DVFlQRSUyMGh0bWwlM0UlMEElM0NodG1sJTIwbGFuZyUzRCUyMmRlJTIyJTNFJTBBJTNDaGVhZCUzRSUwQSUyMCUyMCUzQ21ldGElMjBjaGFyc2V0JTNEJTIyVVRGLTglMjIlM0UlMEElMjAlMjAlM0N0aXRsZSUzRUludGVncmF0aW9uJTIwRGVtbyUzQyUyRnRpdGxlJTNFJTBBJTNDJTJGaGVhZCUzRSUwQSUzQ2JvZHklM0UlMEElMEElM0NkaXYlMjBzdHlsZSUzRCUyMndpZHRoJTNBJTIwMTAwJTI1JTNCJTIwaGVpZ2h0JTNBJTIwMzAwcHglM0IlMjIlMjBpZCUzRCUyMmRyX2dtYXAlMjIlM0UlM0MlMkZkaXYlM0UlMEElMEElM0MlMkZib2R5JTNFJTBBJTNDJTJGaHRtbCUzRQ==[\/vc_raw_html][\/vc_column][\/vc_row]<\/p>\n<\/div>","protected":false},"excerpt":{"rendered":"<p>[vc_row css=&#8220;.vc_custom_1674464050683{margin-top: 25px !important;padding-top: 20px !important;padding-right: 65px !important;padding-left: 65px !important;background-color: #ffffff !important;}&#8220;][vc_column width=&#8220;1\/2&#8243; css=&#8220;.vc_custom_1666338528625{margin-right: -20px !important;margin-left: -20px !important;}&#8220;][vc_column_text] Ordination Dr. Barbara Gruber Fach\u00e4rztin f\u00fcr Dermatologie \/<span class=\"excerpt-hellip\"> [\u2026]<\/span><\/p>\n","protected":false},"author":3,"featured_media":-1,"parent":0,"menu_order":0,"comment_status":"closed","ping_status":"closed","template":"","meta":{"_seopress_robots_primary_cat":"","_seopress_titles_title":"%%sitetitle%% %%sep%% %%post_title%%","_seopress_titles_desc":"Wahlarztordination: Hamerlingstra\u00dfe 28, 4600 Wels \u2022 Tel: +43 (0)7242 277020\r\nMail: barbara.gruber@haut-gruber.at","_seopress_robots_index":"","footnotes":""},"class_list":["post-73","page","type-page","status-publish","has-post-thumbnail","hentry"],"_links":{"self":[{"href":"https:\/\/haut-gruber.at\/website\/wp-json\/wp\/v2\/pages\/73","targetHints":{"allow":["GET"]}}],"collection":[{"href":"https:\/\/haut-gruber.at\/website\/wp-json\/wp\/v2\/pages"}],"about":[{"href":"https:\/\/haut-gruber.at\/website\/wp-json\/wp\/v2\/types\/page"}],"author":[{"embeddable":true,"href":"https:\/\/haut-gruber.at\/website\/wp-json\/wp\/v2\/users\/3"}],"replies":[{"embeddable":true,"href":"https:\/\/haut-gruber.at\/website\/wp-json\/wp\/v2\/comments?post=73"}],"version-history":[{"count":21,"href":"https:\/\/haut-gruber.at\/website\/wp-json\/wp\/v2\/pages\/73\/revisions"}],"predecessor-version":[{"id":876,"href":"https:\/\/haut-gruber.at\/website\/wp-json\/wp\/v2\/pages\/73\/revisions\/876"}],"wp:featuredmedia":[{"embeddable":true,"href":"https:\/\/haut-gruber.at\/website\/wp-json\/"}],"wp:attachment":[{"href":"https:\/\/haut-gruber.at\/website\/wp-json\/wp\/v2\/media?parent=73"}],"curies":[{"name":"wp","href":"https:\/\/api.w.org\/{rel}","templated":true}]}}